{"id":1619,"date":"2021-04-15T20:28:48","date_gmt":"2021-04-15T18:28:48","guid":{"rendered":"https:\/\/www.decarborundumspecialist.nl\/unsere-kunden\/"},"modified":"2021-04-19T11:44:09","modified_gmt":"2021-04-19T09:44:09","slug":"unsere-kunden","status":"publish","type":"page","link":"https:\/\/www.decarborundumspecialist.nl\/de\/unsere-kunden\/","title":{"rendered":"Unsere Kunden"},"content":{"rendered":"<div class=\"wpb-content-wrapper\"><p>[vc_row css=&#8220;.vc_custom_1562748659737{margin-bottom: 30px !important;}&#8220;][vc_column width=&#8220;1\/2&#8243;]<h2 class='heading-left  divider-modern' ><span><em class=\"heading-subtitle\">Verschiedene Branchen<\/em>UNSERE KUNDEN<\/span><\/h2>[vc_empty_space height=&#8220;20px&#8220;][vc_column_text]Zu unseren Kunden geh\u00f6ren haupts\u00e4chlich internationale Maschinenfabriken und gro\u00dfe Produktionsbetriebe, die sich unter anderem mit der Produktion von Kartoffeln, Karotten und anderen Lebensmitteln besch\u00e4ftigen. So reisen unsere Sch\u00e4lteile &#8211; ausgestattet mit unserem Karborund &#8211; um die ganze Welt und werden in vielen L\u00e4ndern eingesetzt.<\/p>\n<p>Es gibt zudem eine Vielzahl von kartoffelverarbeitenden Betrieben, die sich auf die Verarbeitung von Kartoffeln zur Produktion von z. B. frischen Pommes frites, Kartoffelw\u00fcrfeln\/-scheiben und den bekannten Chips-Sorten spezialisiert haben. Karborund wird auch im Gem\u00fcse- und Fertigsalatbereich eingesetzt. Denken Sie an die bekannten, frisch zubereiteten Fertiggerichte und die leckeren Salate aus den Superm\u00e4rkten. Nicht selten befindet sich bei Ihrem lokalen Gem\u00fcseh\u00e4ndler eine Sch\u00e4ltrommel, die mit Karborund versehen ist und f\u00fcr alle Arten von Sch\u00e4larbeiten verwendet wird.[\/vc_column_text][\/vc_column][vc_column width=&#8220;1\/2&#8243;][vc_empty_space height=&#8220;23px&#8220;][vc_single_image image=&#8220;1642&#8243; img_size=&#8220;full&#8220; style=&#8220;vc_box_border&#8220;][\/vc_column][vc_column][vc_column_text]Abgesehen vom LEBENSMITTEL- und NICHT-LEBENSMITTEL-Bereich gibt es verschiedene andere Sektoren, in denen Karborund zum Einsatz kommt. Immer wieder beschichten wir Antriebsrollen, die verschlissen sind, oder die bekannten Antriebsr\u00e4der f\u00fcr Solex-Mopeds, die nicht mehr richtig funktionieren.[\/vc_column_text][\/vc_column][\/vc_row][vc_row full_width=&#8220;stretch_row&#8220; css=&#8220;.vc_custom_1562078843677{margin-bottom: 0px !important;padding-bottom: 30px !important;background-color: #f8f9f9 !important;}&#8220;][vc_column]<h2 class='heading-left  divider-modern' ><span><em class=\"heading-subtitle\">LEBENSMITTEL- und NICHT-LEBENSMITTEL-Bereich<\/em>DIE INDUSTRIE AUF EINEN BLICK<\/span><\/h2>[vc_empty_space height=&#8220;20px&#8220;][vc_column_text]Weiter unten finden Sie die h\u00e4ufigsten Bereiche, in denen wir unser Karborund verarbeiten. Ihre Branche ist nicht aufgelistet, aber Sie m\u00f6chten Ihr Produkt mit einer Karborund-Beschichtung versehen? Dann nehmen Sie bitte Kontakt mit unseren Spezialisten auf, sie helfen Ihnen gerne weiter![\/vc_column_text][vc_row_inner css=&#8220;.vc_custom_1561640328366{margin-top: 0px !important;padding-top: 0px !important;}&#8220;][vc_column_inner width=&#8220;1\/2&#8243;]<ul class='list list-default'><li>(Internationale) Maschinenfabriken<\/li><li>(Internationale) Lebensmittelunternehmen<\/li><li>(Internationale) Kartoffelverarbeitungsanlagen<\/li><li>(Internationale) Gro\u00dfh\u00e4ndler f\u00fcr Kartoffeln und Gem\u00fcse<\/li><li>(Internationale) Karottenverarbeitungsanlagen<\/li><li>(Internationale) Obst- und Gem\u00fcseverarbeitungsbetriebe<\/li><li>(Internationale) Chips-Fabriken<\/li><\/ul>[\/vc_column_inner][vc_column_inner width=&#8220;1\/2&#8243;]<ul class='list list-default'><li>Salat- und Fertiggerichtefabriken<\/li><li>Pommesbuden<\/li><li>Gem\u00fcseh\u00e4ndler<\/li><li>Metallarbeiter<\/li><li>Solex-Vereine<\/li><li>Auto-Tuning-Unternehmen<\/li><\/ul>[\/vc_column_inner][\/vc_row_inner][vc_empty_space height=&#8220;15px&#8220;]<a id='button-id-' target='_self' href='https:\/\/www.decarborundumspecialist.nl\/de\/kontakt\/' class='btn btn-normal btn-sm' style=''>Kontaktieren Sie uns<\/a>[\/vc_column][\/vc_row][vc_row full_width=&#8220;stretch_row&#8220; css=&#8220;.vc_custom_1563448776175{padding-top: 0px !important;padding-bottom: 20px !important;background-color: #f2f2f2 !important;}&#8220; el_id=&#8220;klanten-logos&#8220;][vc_column]<div class='logos-wrapper style-2'><ul class='clients style-2' ><li class='client'><span><img src='https:\/\/www.decarborundumspecialist.nl\/wp-content\/uploads\/2019\/07\/koninklijke-vezet.png' alt='Vezet'><\/span><\/li><li class='client'><span><img src='https:\/\/www.decarborundumspecialist.nl\/wp-content\/uploads\/2019\/07\/HOMEPAGE-klantreferenties-Westland-Salades.jpg' alt='Westland'><\/span><\/li><li class='client'><span><img src='https:\/\/www.decarborundumspecialist.nl\/wp-content\/uploads\/2019\/07\/HOMEPAGE-klantreferenties-Yellow-Chips.jpg' alt='Yellow chips'><\/span><\/li><li class='client'><span><img src='https:\/\/www.decarborundumspecialist.nl\/wp-content\/uploads\/2019\/07\/HOMEPAGE-klantreferenties-Aviko-Potato.png' alt='Aviko Potato'><\/span><\/li><\/ul><\/div>[\/vc_column][\/vc_row][vc_row full_width=&#8220;stretch_row&#8220; css=&#8220;.vc_custom_1563189897996{margin-bottom: 0px !important;background-image: url(http:\/\/www.decarborundumspecialist.nl\/wp-content\/uploads\/2019\/07\/footer-bg-1.jpg?id=682) !important;background-position: center !important;background-repeat: no-repeat !important;background-size: cover !important;}&#8220; el_class=&#8220;jumbotron&#8220;][vc_column el_class=&#8220;text-center&#8220;][vc_single_image image=&#8220;1907&#8243; img_size=&#8220;full&#8220; alignment=&#8220;center&#8220;][vc_column_text]<\/p>\n<p style=\"text-align: center;\"><span class=\"span-white\">Spezialisiert auf die Karborund-Beschichtung von Sch\u00e4lrollen, Polierwalzen, Sch\u00e4ltrommeln und Sch\u00e4lscheiben<br \/>\n<\/span><\/p>\n<p>[\/vc_column_text]<a id='button-id-1' target='_self' href='https:\/\/www.decarborundumspecialist.nl\/de\/karborund\/' class='btn btn-normal btn-lg' style=''>PRODUKTE ANSEHEN<\/a>[\/vc_column][\/vc_row]<\/p>\n<\/div>","protected":false},"excerpt":{"rendered":"<p>[vc_row css=&#8220;.vc_custom_1562748659737{margin-bottom: 30px !important;}&#8220;][vc_column width=&#8220;1\/2&#8243;][vc_empty_space height=&#8220;20px&#8220;][vc_column_text]Zu unseren Kunden geh\u00f6ren haupts\u00e4chlich internationale Maschinenfabriken und gro\u00dfe Produktionsbetriebe, die sich unter anderem mit der Produktion von Kartoffeln, Karotten und anderen Lebensmitteln besch\u00e4ftigen. So reisen unsere Sch\u00e4lteile &#8211; ausgestattet mit unserem Karborund &#8211; um &hellip;<\/p>\n","protected":false},"author":1,"featured_media":0,"parent":0,"menu_order":0,"comment_status":"closed","ping_status":"closed","template":"","meta":{"footnotes":""},"class_list":["post-1619","page","type-page","status-publish","hentry"],"yoast_head":"<!-- This site is optimized with the Yoast SEO plugin v27.4 - https:\/\/yoast.com\/product\/yoast-seo-wordpress\/ -->\n<title>Karborund - De Carborundum Specialist - Treffend f\u00fcr jede Branche!<\/title>\n<meta name=\"description\" content=\"Verarbeiten Sie beispielsweise Kartoffeln, Karotten, Chips oder Fertigsalate zu? Lassen Sie Ihre Sch\u00e4lrollen oder Trommeln vom Spezialisten beschichten!\" \/>\n<meta name=\"robots\" content=\"index, follow, max-snippet:-1, max-image-preview:large, max-video-preview:-1\" \/>\n<link rel=\"canonical\" href=\"https:\/\/www.decarborundumspecialist.nl\/de\/unsere-kunden\/\" \/>\n<meta property=\"og:locale\" content=\"de_DE\" \/>\n<meta property=\"og:type\" content=\"article\" \/>\n<meta property=\"og:title\" content=\"Karborund - De Carborundum Specialist - Treffend f\u00fcr jede Branche!\" \/>\n<meta property=\"og:description\" content=\"Verarbeiten Sie beispielsweise Kartoffeln, Karotten, Chips oder Fertigsalate zu? Lassen Sie Ihre Sch\u00e4lrollen oder Trommeln vom Spezialisten beschichten!\" \/>\n<meta property=\"og:url\" content=\"https:\/\/www.decarborundumspecialist.nl\/de\/unsere-kunden\/\" \/>\n<meta property=\"og:site_name\" content=\"De Carborundum Specialist\" \/>\n<meta property=\"article:modified_time\" content=\"2021-04-19T09:44:09+00:00\" \/>\n<meta name=\"twitter:card\" content=\"summary_large_image\" \/>\n<meta name=\"twitter:label1\" content=\"Gesch\u00e4tzte Lesezeit\" \/>\n\t<meta name=\"twitter:data1\" content=\"2\u00a0Minuten\" \/>\n<script type=\"application\/ld+json\" class=\"yoast-schema-graph\">{\"@context\":\"https:\\\/\\\/schema.org\",\"@graph\":[{\"@type\":\"WebPage\",\"@id\":\"https:\\\/\\\/www.decarborundumspecialist.nl\\\/de\\\/unsere-kunden\\\/\",\"url\":\"https:\\\/\\\/www.decarborundumspecialist.nl\\\/de\\\/unsere-kunden\\\/\",\"name\":\"Karborund - De Carborundum Specialist - Treffend f\u00fcr jede Branche!\",\"isPartOf\":{\"@id\":\"https:\\\/\\\/www.decarborundumspecialist.nl\\\/de\\\/#website\"},\"datePublished\":\"2021-04-15T18:28:48+00:00\",\"dateModified\":\"2021-04-19T09:44:09+00:00\",\"description\":\"Verarbeiten Sie beispielsweise Kartoffeln, Karotten, Chips oder Fertigsalate zu? Lassen Sie Ihre Sch\u00e4lrollen oder Trommeln vom Spezialisten beschichten!\",\"breadcrumb\":{\"@id\":\"https:\\\/\\\/www.decarborundumspecialist.nl\\\/de\\\/unsere-kunden\\\/#breadcrumb\"},\"inLanguage\":\"de\",\"potentialAction\":[{\"@type\":\"ReadAction\",\"target\":[\"https:\\\/\\\/www.decarborundumspecialist.nl\\\/de\\\/unsere-kunden\\\/\"]}]},{\"@type\":\"BreadcrumbList\",\"@id\":\"https:\\\/\\\/www.decarborundumspecialist.nl\\\/de\\\/unsere-kunden\\\/#breadcrumb\",\"itemListElement\":[{\"@type\":\"ListItem\",\"position\":1,\"name\":\"Home\",\"item\":\"https:\\\/\\\/www.decarborundumspecialist.nl\\\/de\\\/home\\\/\"},{\"@type\":\"ListItem\",\"position\":2,\"name\":\"Unsere Kunden\"}]},{\"@type\":\"WebSite\",\"@id\":\"https:\\\/\\\/www.decarborundumspecialist.nl\\\/de\\\/#website\",\"url\":\"https:\\\/\\\/www.decarborundumspecialist.nl\\\/de\\\/\",\"name\":\"De Carborundum Specialist\",\"description\":\"\",\"publisher\":{\"@id\":\"https:\\\/\\\/www.decarborundumspecialist.nl\\\/de\\\/#organization\"},\"potentialAction\":[{\"@type\":\"SearchAction\",\"target\":{\"@type\":\"EntryPoint\",\"urlTemplate\":\"https:\\\/\\\/www.decarborundumspecialist.nl\\\/de\\\/?s={search_term_string}\"},\"query-input\":{\"@type\":\"PropertyValueSpecification\",\"valueRequired\":true,\"valueName\":\"search_term_string\"}}],\"inLanguage\":\"de\"},{\"@type\":\"Organization\",\"@id\":\"https:\\\/\\\/www.decarborundumspecialist.nl\\\/de\\\/#organization\",\"name\":\"De Carborundum Specialist\",\"url\":\"https:\\\/\\\/www.decarborundumspecialist.nl\\\/de\\\/\",\"logo\":{\"@type\":\"ImageObject\",\"inLanguage\":\"de\",\"@id\":\"https:\\\/\\\/www.decarborundumspecialist.nl\\\/de\\\/#\\\/schema\\\/logo\\\/image\\\/\",\"url\":\"https:\\\/\\\/www.decarborundumspecialist.nl\\\/wp-content\\\/uploads\\\/2019\\\/06\\\/logo002-1.png\",\"contentUrl\":\"https:\\\/\\\/www.decarborundumspecialist.nl\\\/wp-content\\\/uploads\\\/2019\\\/06\\\/logo002-1.png\",\"width\":197,\"height\":39,\"caption\":\"De Carborundum Specialist\"},\"image\":{\"@id\":\"https:\\\/\\\/www.decarborundumspecialist.nl\\\/de\\\/#\\\/schema\\\/logo\\\/image\\\/\"}}]}<\/script>\n<!-- \/ Yoast SEO plugin. -->","yoast_head_json":{"title":"Karborund - De Carborundum Specialist - Treffend f\u00fcr jede Branche!","description":"Verarbeiten Sie beispielsweise Kartoffeln, Karotten, Chips oder Fertigsalate zu? Lassen Sie Ihre Sch\u00e4lrollen oder Trommeln vom Spezialisten beschichten!","robots":{"index":"index","follow":"follow","max-snippet":"max-snippet:-1","max-image-preview":"max-image-preview:large","max-video-preview":"max-video-preview:-1"},"canonical":"https:\/\/www.decarborundumspecialist.nl\/de\/unsere-kunden\/","og_locale":"de_DE","og_type":"article","og_title":"Karborund - De Carborundum Specialist - Treffend f\u00fcr jede Branche!","og_description":"Verarbeiten Sie beispielsweise Kartoffeln, Karotten, Chips oder Fertigsalate zu? Lassen Sie Ihre Sch\u00e4lrollen oder Trommeln vom Spezialisten beschichten!","og_url":"https:\/\/www.decarborundumspecialist.nl\/de\/unsere-kunden\/","og_site_name":"De Carborundum Specialist","article_modified_time":"2021-04-19T09:44:09+00:00","twitter_card":"summary_large_image","twitter_misc":{"Gesch\u00e4tzte Lesezeit":"2\u00a0Minuten"},"schema":{"@context":"https:\/\/schema.org","@graph":[{"@type":"WebPage","@id":"https:\/\/www.decarborundumspecialist.nl\/de\/unsere-kunden\/","url":"https:\/\/www.decarborundumspecialist.nl\/de\/unsere-kunden\/","name":"Karborund - De Carborundum Specialist - Treffend f\u00fcr jede Branche!","isPartOf":{"@id":"https:\/\/www.decarborundumspecialist.nl\/de\/#website"},"datePublished":"2021-04-15T18:28:48+00:00","dateModified":"2021-04-19T09:44:09+00:00","description":"Verarbeiten Sie beispielsweise Kartoffeln, Karotten, Chips oder Fertigsalate zu? Lassen Sie Ihre Sch\u00e4lrollen oder Trommeln vom Spezialisten beschichten!","breadcrumb":{"@id":"https:\/\/www.decarborundumspecialist.nl\/de\/unsere-kunden\/#breadcrumb"},"inLanguage":"de","potentialAction":[{"@type":"ReadAction","target":["https:\/\/www.decarborundumspecialist.nl\/de\/unsere-kunden\/"]}]},{"@type":"BreadcrumbList","@id":"https:\/\/www.decarborundumspecialist.nl\/de\/unsere-kunden\/#breadcrumb","itemListElement":[{"@type":"ListItem","position":1,"name":"Home","item":"https:\/\/www.decarborundumspecialist.nl\/de\/home\/"},{"@type":"ListItem","position":2,"name":"Unsere Kunden"}]},{"@type":"WebSite","@id":"https:\/\/www.decarborundumspecialist.nl\/de\/#website","url":"https:\/\/www.decarborundumspecialist.nl\/de\/","name":"De Carborundum Specialist","description":"","publisher":{"@id":"https:\/\/www.decarborundumspecialist.nl\/de\/#organization"},"potentialAction":[{"@type":"SearchAction","target":{"@type":"EntryPoint","urlTemplate":"https:\/\/www.decarborundumspecialist.nl\/de\/?s={search_term_string}"},"query-input":{"@type":"PropertyValueSpecification","valueRequired":true,"valueName":"search_term_string"}}],"inLanguage":"de"},{"@type":"Organization","@id":"https:\/\/www.decarborundumspecialist.nl\/de\/#organization","name":"De Carborundum Specialist","url":"https:\/\/www.decarborundumspecialist.nl\/de\/","logo":{"@type":"ImageObject","inLanguage":"de","@id":"https:\/\/www.decarborundumspecialist.nl\/de\/#\/schema\/logo\/image\/","url":"https:\/\/www.decarborundumspecialist.nl\/wp-content\/uploads\/2019\/06\/logo002-1.png","contentUrl":"https:\/\/www.decarborundumspecialist.nl\/wp-content\/uploads\/2019\/06\/logo002-1.png","width":197,"height":39,"caption":"De Carborundum Specialist"},"image":{"@id":"https:\/\/www.decarborundumspecialist.nl\/de\/#\/schema\/logo\/image\/"}}]}},"_links":{"self":[{"href":"https:\/\/www.decarborundumspecialist.nl\/de\/wp-json\/wp\/v2\/pages\/1619","targetHints":{"allow":["GET"]}}],"collection":[{"href":"https:\/\/www.decarborundumspecialist.nl\/de\/wp-json\/wp\/v2\/pages"}],"about":[{"href":"https:\/\/www.decarborundumspecialist.nl\/de\/wp-json\/wp\/v2\/types\/page"}],"author":[{"embeddable":true,"href":"https:\/\/www.decarborundumspecialist.nl\/de\/wp-json\/wp\/v2\/users\/1"}],"replies":[{"embeddable":true,"href":"https:\/\/www.decarborundumspecialist.nl\/de\/wp-json\/wp\/v2\/comments?post=1619"}],"version-history":[{"count":0,"href":"https:\/\/www.decarborundumspecialist.nl\/de\/wp-json\/wp\/v2\/pages\/1619\/revisions"}],"wp:attachment":[{"href":"https:\/\/www.decarborundumspecialist.nl\/de\/wp-json\/wp\/v2\/media?parent=1619"}],"curies":[{"name":"wp","href":"https:\/\/api.w.org\/{rel}","templated":true}]}}